{"id":15,"date":"2024-01-31T15:10:05","date_gmt":"2024-01-31T15:10:05","guid":{"rendered":"https:\/\/kawsayperutravel.com\/es\/inicio\/"},"modified":"2024-04-08T17:04:45","modified_gmt":"2024-04-08T17:04:45","slug":"inicio","status":"publish","type":"page","link":"https:\/\/kawsayperutravel.com\/es\/","title":{"rendered":"Inicio"},"content":{"rendered":"\n<div class=\"wp-block-group alignfull has-background-background-color has-background\" style=\"margin-top:0;margin-bottom:0;padding-top:var(--wp--preset--spacing--50);padding-right:var(--wp--preset--spacing--30);padding-bottom:var(--wp--preset--spacing--60);padding-left:var(--wp--preset--spacing--30)\"><div class=\"wp-block-group__inner-container is-layout-constrained wp-container-core-group-is-layout-8d1c59b2 wp-block-group-is-layout-constrained\">\n<div class=\"wp-block-columns alignwide are-vertically-aligned-center is-layout-flex wp-container-core-columns-is-layout-30f78326 wp-block-columns-is-layout-flex\">\n<div class=\"wp-block-column is-vertically-aligned-center is-layout-flow wp-block-column-is-layout-flow\">\n<div class=\"wp-block-group\"><div class=\"wp-block-group__inner-container is-layout-constrained wp-block-group-is-layout-constrained\">\n<h1 class=\"wp-block-heading\">Explora destinos ex\u00f3ticos y vive experiencias inolvidables en Per\u00fa<\/h1>\n\n\n\n<p style=\"margin-top:16px\">Descubre el mundo con estilo y comodidad en Kawsay Peru travel, la agencia de viajes de alta gama en Peru. Especializados en crear experiencias \u00fanicas y personalizadas, donde el lujo, la comodidad y la autenticidad se unen para brindarte momentos inolvidables. Planifica y reserva tu viaje perfecto con nuestro equipo de expertos viajeros. \u00a1Bienvenido a Kawsay Peru Travel!<\/p>\n\n\n\n<div class=\"wp-block-buttons is-layout-flex wp-block-buttons-is-layout-flex\" style=\"margin-top:var(--wp--preset--spacing--40)\">\n<div class=\"wp-block-button\"><a class=\"wp-block-button__link wp-element-button\">Reservar ahora<\/a><\/div>\n\n\n\n<div class=\"wp-block-button is-style-outline is-style-outline--1\"><a class=\"wp-block-button__link wp-element-button\">M\u00e1s informaci\u00f3n<\/a><\/div>\n<\/div>\n<\/div><\/div>\n<\/div>\n\n\n\n<div class=\"wp-block-column is-vertically-aligned-center is-layout-flow wp-block-column-is-layout-flow\">\n<figure class=\"wp-block-image size-large ext-import\"><img decoding=\"async\" src=\"https:\/\/images.unsplash.com\/photo-1632178151697-fd971baa906f?w=1280&amp;fit=crop&amp;crop=entropy%2Cfaces&amp;auto=format%2Ccompress&amp;h=1280\" alt=\"\" style=\"aspect-ratio:1;object-fit:cover\"\/><\/figure>\n<\/div>\n<\/div>\n<\/div><\/div>\n\n\n\n<div class=\"wp-block-group alignfull has-background-background-color has-background\" style=\"margin-top:0;margin-bottom:0;padding-top:var(--wp--preset--spacing--60);padding-right:var(--wp--preset--spacing--30);padding-bottom:var(--wp--preset--spacing--60);padding-left:var(--wp--preset--spacing--30)\"><div class=\"wp-block-group__inner-container is-layout-constrained wp-container-core-group-is-layout-392eb801 wp-block-group-is-layout-constrained\">\n<h3 class=\"wp-block-heading has-text-align-center\">Qui\u00e9nes Somos: Expertos en viajes de lujo y experiencias personalizadas.<\/h3>\n\n\n\n<p class=\"has-text-align-center\" style=\"margin-top:16px\">Kawsay Peru Travel es una agencia de viajes de alta gama situada en el coraz\u00f3n de Cusco, Per\u00fa. Nos especializamos en crear experiencias de viaje \u00fanicas y personalizadas para nuestros clientes, poniendo \u00e9nfasis en el lujo, la comodidad y la autenticidad.<\/p>\n<\/div><\/div>\n\n\n\n<div class=\"wp-block-group alignfull has-background-background-color has-background\" style=\"margin-top:0;margin-bottom:0;padding-top:var(--wp--preset--spacing--60);padding-right:var(--wp--preset--spacing--30);padding-bottom:var(--wp--preset--spacing--60);padding-left:var(--wp--preset--spacing--30)\"><div class=\"wp-block-group__inner-container is-layout-constrained wp-container-core-group-is-layout-392eb801 wp-block-group-is-layout-constrained\">\n<div class=\"wp-block-group alignwide is-content-justification-center\"><div class=\"wp-block-group__inner-container is-layout-constrained wp-block-group-is-layout-constrained\">\n<h2 class=\"wp-block-heading has-text-align-center\">Descubra Nuestros Exclusivos Servicios de Viajes<\/h2>\n\n\n\n<p class=\"has-text-align-center\" style=\"margin-top:16px\">En Kawsay Peru Travel, ofrecemos servicios excepcionales para asegurarnos de que su viaje sea inolvidable. Ya sea playa, monta\u00f1a o ciudad, tenemos todo lo que necesita.<\/p>\n<\/div><\/div>\n\n\n\n<div class=\"wp-block-columns alignwide is-layout-flex wp-container-core-columns-is-layout-41e3e26a wp-block-columns-is-layout-flex\">\n<div class=\"wp-block-column is-layout-flow wp-block-column-is-layout-flow\">\n<figure class=\"wp-block-image ext-aspect-landscape ext-import\"><img decoding=\"async\" src=\"https:\/\/images.unsplash.com\/photo-1504542982118-59308b40fe0c?fit=crop&amp;crop=entropy%2Cfaces&amp;auto=format%2Ccompress&amp;w=1280&amp;h=960\" alt=\"\"\/><\/figure>\n\n\n\n<h3 class=\"wp-block-heading has-text-align-center\" style=\"margin-top:24px;font-size:20px;line-height:1.5\">Viajes personalizados<\/h3>\n\n\n\n<p class=\"has-text-align-center has-small-font-size\" style=\"margin-top:8px\">Viajes Maravilla: Viajes personalizados y \u00fanicos para cumplir sus expectativas de viaje.<\/p>\n<\/div>\n\n\n\n<div class=\"wp-block-column is-layout-flow wp-block-column-is-layout-flow\">\n<figure class=\"wp-block-image ext-aspect-landscape ext-import\"><img decoding=\"async\" src=\"https:\/\/images.unsplash.com\/photo-1578894381163-e72c17f2d45f?fit=crop&amp;crop=entropy%2Cfaces&amp;auto=format%2Ccompress&amp;w=1280&amp;h=960\" alt=\"\"\/><\/figure>\n\n\n\n<h3 class=\"wp-block-heading has-text-align-center\" style=\"margin-top:24px;font-size:20px;line-height:1.5\">Latinoamerica<\/h3>\n\n\n\n<p class=\"has-text-align-center has-small-font-size\" style=\"margin-top:8px\">Descubra destinos internacionales con nuestra experiencia en viajes de lujo y personalizados.<\/p>\n<\/div>\n\n\n\n<div class=\"wp-block-column is-layout-flow wp-block-column-is-layout-flow\">\n<figure class=\"wp-block-image ext-aspect-landscape ext-import\"><img decoding=\"async\" src=\"https:\/\/images.unsplash.com\/photo-1615826932727-ed9f182ac67e?fit=crop&amp;crop=entropy%2Cfaces&amp;auto=format%2Ccompress&amp;w=1280&amp;h=960\" alt=\"\"\/><\/figure>\n\n\n\n<h3 class=\"wp-block-heading has-text-align-center\" style=\"margin-top:24px;font-size:20px;line-height:1.5\">Experiencias de lujo<\/h3>\n\n\n\n<p class=\"has-text-align-center has-small-font-size\" style=\"margin-top:8px\">Experiencias de viaje lujosas y personalizadas. Hoteles y servicios de primera clase.<\/p>\n<\/div>\n<\/div>\n\n\n\n<div class=\"wp-block-columns is-layout-flex wp-container-core-columns-is-layout-9d6595d7 wp-block-columns-is-layout-flex\">\n<div class=\"wp-block-column is-layout-flow wp-block-column-is-layout-flow\"><\/div>\n<\/div>\n<\/div><\/div>\n\n\n\n<div class=\"wp-block-group alignfull has-background-background-color has-background\" style=\"padding-top:var(--wp--preset--spacing--60);padding-right:var(--wp--preset--spacing--30);padding-bottom:var(--wp--preset--spacing--60);padding-left:var(--wp--preset--spacing--30)\"><div class=\"wp-block-group__inner-container is-layout-constrained wp-container-core-group-is-layout-fccbf809 wp-block-group-is-layout-constrained\">\n<h2 class=\"wp-block-heading\">Blogs<\/h2>\n\n\n<ul class=\"wp-block-latest-posts__list wp-block-latest-posts\"><li><div class=\"wp-block-latest-posts__featured-image\"><a href=\"https:\/\/kawsayperutravel.com\/es\/naupa-iglesia-un-lugar-mistico\/\" aria-label=\"\u00d1aupa Iglesia: Un lugar mistico en Cusco\"><img loading=\"lazy\" decoding=\"async\" width=\"150\" height=\"150\" src=\"https:\/\/kawsayperutravel.com\/es\/wp-content\/uploads\/2024\/04\/naupa-iglesia-lugar-misitico-en-Cusco-150x150.jpeg\" class=\"attachment-thumbnail size-thumbnail wp-post-image\" alt=\"n\u0303aupa iglesia - lugar misitico en Cusco\" style=\"\" \/><\/a><\/div><a class=\"wp-block-latest-posts__post-title\" href=\"https:\/\/kawsayperutravel.com\/es\/naupa-iglesia-un-lugar-mistico\/\">\u00d1aupa Iglesia: Un lugar mistico en Cusco<\/a><div class=\"wp-block-latest-posts__post-excerpt\">\u00bfHas contemplado alguna vez la existencia de sitios donde lo tangible se entremezcla con lo sobrenatural? Dominios en los que los relatos de anta\u00f1o se entrelazan con la hechicer\u00eda y la m\u00edstica. De ser as\u00ed, prep\u00e1rate para desentra\u00f1ar un destino encantador: \u00d1aupa Iglesia, un enigm\u00e1tico umbral entre dimensiones. Enclavado en los majestuosos Andes peruanos se &#8230; <a title=\"\u00d1aupa Iglesia: Un lugar mistico en Cusco\" class=\"read-more\" href=\"https:\/\/kawsayperutravel.com\/es\/naupa-iglesia-un-lugar-mistico\/\" aria-label=\"Leer m\u00e1s sobre \u00d1aupa Iglesia: Un lugar mistico en Cusco\">Leer m\u00e1s<\/a><\/div><\/li>\n<li><div class=\"wp-block-latest-posts__featured-image\"><a href=\"https:\/\/kawsayperutravel.com\/es\/mejor-epoca-para-viajar-a-cusco\/\" aria-label=\"Mejor \u00e9poca para viajar a Cusco\"><img loading=\"lazy\" decoding=\"async\" width=\"150\" height=\"150\" src=\"https:\/\/kawsayperutravel.com\/es\/wp-content\/uploads\/2024\/04\/Plaza-de-Armas-de-Cusco-150x150.jpg\" class=\"attachment-thumbnail size-thumbnail wp-post-image\" alt=\"Plaza de Armas de Cusco\" style=\"\" \/><\/a><\/div><a class=\"wp-block-latest-posts__post-title\" href=\"https:\/\/kawsayperutravel.com\/es\/mejor-epoca-para-viajar-a-cusco\/\">Mejor \u00e9poca para viajar a Cusco<\/a><div class=\"wp-block-latest-posts__post-excerpt\">Descubrir Cusco es adentrarse en un mundo donde la historia cobra vida, entre paisajes que quitan el aliento y ruinas que susurran historias de un pasado glorioso. Sin embargo, elegir la mejor \u00e9poca para viajar y visitar Cusco es clave para vivir la experiencia al m\u00e1ximo. En nuestro blog, \u00abMejor \u00e9poca para viajar a Cusco\u00bb, &#8230; <a title=\"Mejor \u00e9poca para viajar a Cusco\" class=\"read-more\" href=\"https:\/\/kawsayperutravel.com\/es\/mejor-epoca-para-viajar-a-cusco\/\" aria-label=\"Leer m\u00e1s sobre Mejor \u00e9poca para viajar a Cusco\">Leer m\u00e1s<\/a><\/div><\/li>\n<li><div class=\"wp-block-latest-posts__featured-image\"><a href=\"https:\/\/kawsayperutravel.com\/es\/montana-de-7-colores-informacion\/\" aria-label=\"Monta\u00f1a de 7 Colores: La gu\u00eda completa 2024\"><img loading=\"lazy\" decoding=\"async\" width=\"150\" height=\"150\" src=\"https:\/\/kawsayperutravel.com\/es\/wp-content\/uploads\/2024\/02\/Montana-de-7-Colores-150x150.jpg\" class=\"attachment-thumbnail size-thumbnail wp-post-image\" alt=\"Montan\u0303a de 7 Colores\" style=\"\" \/><\/a><\/div><a class=\"wp-block-latest-posts__post-title\" href=\"https:\/\/kawsayperutravel.com\/es\/montana-de-7-colores-informacion\/\">Monta\u00f1a de 7 Colores: La gu\u00eda completa 2024<\/a><div class=\"wp-block-latest-posts__post-excerpt\">\u00a1Prep\u00e1rate para sumergirte en una aventura que desaf\u00eda la realidad en la Monta\u00f1a de 7 Colores, un tesoro oculto en los vastos Andes peruanos! Con Kaway Peru Travel, te llevamos en un viaje hacia este esplendor natural, donde los colores del arco\u00edris se funden con el paisaje de una manera que solo podr\u00edas so\u00f1ar. A &#8230; <a title=\"Monta\u00f1a de 7 Colores: La gu\u00eda completa 2024\" class=\"read-more\" href=\"https:\/\/kawsayperutravel.com\/es\/montana-de-7-colores-informacion\/\" aria-label=\"Leer m\u00e1s sobre Monta\u00f1a de 7 Colores: La gu\u00eda completa 2024\">Leer m\u00e1s<\/a><\/div><\/li>\n<li><div class=\"wp-block-latest-posts__featured-image\"><a href=\"https:\/\/kawsayperutravel.com\/es\/montana-palcoyo\/\" aria-label=\"Monta\u00f1a Palcoyo\"><img loading=\"lazy\" decoding=\"async\" width=\"150\" height=\"150\" src=\"https:\/\/kawsayperutravel.com\/es\/wp-content\/uploads\/2024\/04\/Montana-Palcoyo-en-Cusco-150x150.jpg\" class=\"attachment-thumbnail size-thumbnail wp-post-image\" alt=\"Montan\u0303a Palcoyo en Cusco\" style=\"\" \/><\/a><\/div><a class=\"wp-block-latest-posts__post-title\" href=\"https:\/\/kawsayperutravel.com\/es\/montana-palcoyo\/\">Monta\u00f1a Palcoyo<\/a><div class=\"wp-block-latest-posts__post-excerpt\">En el coraz\u00f3n de los Andes peruanos, m\u00e1s all\u00e1 de los senderos trillados y lejos del bullicio de los destinos tur\u00edsticos convencionales, se encuentra un tesoro oculto que aguarda ser descubierto: la Monta\u00f1a Palcoyo. Este espect\u00e1culo natural, menos conocido pero igualmente impresionante que su contraparte Monta\u00f1a de 7 Colores, ofrece a los aventureros la oportunidad &#8230; <a title=\"Monta\u00f1a Palcoyo\" class=\"read-more\" href=\"https:\/\/kawsayperutravel.com\/es\/montana-palcoyo\/\" aria-label=\"Leer m\u00e1s sobre Monta\u00f1a Palcoyo\">Leer m\u00e1s<\/a><\/div><\/li>\n<li><div class=\"wp-block-latest-posts__featured-image\"><a href=\"https:\/\/kawsayperutravel.com\/es\/mejor-epoca-para-ir-a-la-montana-de-7-colores\/\" aria-label=\"La Mejor \u00c9poca Para Ir a La Monta\u00f1a de 7 Colores\"><img loading=\"lazy\" decoding=\"async\" width=\"150\" height=\"150\" src=\"https:\/\/kawsayperutravel.com\/es\/wp-content\/uploads\/2024\/04\/La-Montana-de-7-Colores-Peru-150x150.jpg\" class=\"attachment-thumbnail size-thumbnail wp-post-image\" alt=\"La Montan\u0303a de 7 Colores Peru\" style=\"\" \/><\/a><\/div><a class=\"wp-block-latest-posts__post-title\" href=\"https:\/\/kawsayperutravel.com\/es\/mejor-epoca-para-ir-a-la-montana-de-7-colores\/\">La Mejor \u00c9poca Para Ir a La Monta\u00f1a de 7 Colores<\/a><div class=\"wp-block-latest-posts__post-excerpt\">\u00bfTe has preguntado cu\u00e1l es la mejor \u00e9poca para ir a la Monta\u00f1a de 7 Colores? Aqu\u00ed en Kawsay Travel Per\u00fa queremos que disfrutes al m\u00e1ximo tu visita a este lugar m\u00e1gico, y por eso te compartimos algunos tips para que el clima sea tu aliado y no un obst\u00e1culo en tu aventura. La Monta\u00f1a &#8230; <a title=\"La Mejor \u00c9poca Para Ir a La Monta\u00f1a de 7 Colores\" class=\"read-more\" href=\"https:\/\/kawsayperutravel.com\/es\/mejor-epoca-para-ir-a-la-montana-de-7-colores\/\" aria-label=\"Leer m\u00e1s sobre La Mejor \u00c9poca Para Ir a La Monta\u00f1a de 7 Colores\">Leer m\u00e1s<\/a><\/div><\/li>\n<\/ul><\/div><\/div>\n\n\n\n<div class=\"wp-block-group alignfull has-background-background-color has-background\" style=\"margin-top:0;margin-bottom:0;padding-top:var(--wp--preset--spacing--60);padding-right:var(--wp--preset--spacing--30);padding-bottom:var(--wp--preset--spacing--60);padding-left:var(--wp--preset--spacing--30)\"><div class=\"wp-block-group__inner-container is-layout-constrained wp-container-core-group-is-layout-392eb801 wp-block-group-is-layout-constrained\">\n<div class=\"wp-block-group alignwide is-content-justification-space-between is-layout-flex wp-container-core-group-is-layout-e3bc7287 wp-block-group-is-layout-flex\">\n<div class=\"wp-block-group\"><div class=\"wp-block-group__inner-container is-layout-constrained wp-block-group-is-layout-constrained\">\n<h3 class=\"wp-block-heading\">Explora Peru con Kawsay Peru Travel: tu agencia de viajes de confianza<\/h3>\n\n\n\n<p style=\"margin-top:16px\">En Kawsay Peru Travel:, hacemos realidad sus sue\u00f1os de viaje. Nuestro equipo de expertos est\u00e1 listo para ayudarle a planificar y reservar su pr\u00f3ximo viaje, ya sea en Espa\u00f1a o en destinos internacionales. Experimente el lujo, la comodidad y la autenticidad en cada paso del camino. \u00a1Descubra el mundo con nosotros!<\/p>\n<\/div><\/div>\n\n\n\n<div class=\"wp-block-buttons is-horizontal is-content-justification-right is-layout-flex wp-container-core-buttons-is-layout-89858871 wp-block-buttons-is-layout-flex\">\n<div class=\"wp-block-button is-style-outline is-style-outline--2\"><a class=\"wp-block-button__link wp-element-button\">M\u00e1s informaci\u00f3n<\/a><\/div>\n\n\n\n<div class=\"wp-block-button\"><a class=\"wp-block-button__link wp-element-button\">Reservar ahora<\/a><\/div>\n<\/div>\n<\/div>\n<\/div><\/div>\n","protected":false},"excerpt":{"rendered":"<p>Explora destinos ex\u00f3ticos y vive experiencias inolvidables en Per\u00fa Descubre el mundo con estilo y comodidad en Kawsay Peru travel, la agencia de viajes de alta gama en Peru. Especializados en crear experiencias \u00fanicas y personalizadas, donde el lujo, la comodidad y la autenticidad se unen para brindarte momentos inolvidables. Planifica y reserva tu viaje &#8230; <a title=\"Inicio\" class=\"read-more\" href=\"https:\/\/kawsayperutravel.com\/es\/\" aria-label=\"Leer m\u00e1s sobre Inicio\">Leer m\u00e1s<\/a><\/p>\n","protected":false},"author":1,"featured_media":0,"parent":0,"menu_order":0,"comment_status":"closed","ping_status":"closed","template":"","meta":{"_monsterinsights_skip_tracking":false,"_monsterinsights_sitenote_active":false,"_monsterinsights_sitenote_note":"","_monsterinsights_sitenote_category":0,"footnotes":""},"class_list":["post-15","page","type-page","status-publish"],"aioseo_notices":[],"_links":{"self":[{"href":"https:\/\/kawsayperutravel.com\/es\/wp-json\/wp\/v2\/pages\/15","targetHints":{"allow":["GET"]}}],"collection":[{"href":"https:\/\/kawsayperutravel.com\/es\/wp-json\/wp\/v2\/pages"}],"about":[{"href":"https:\/\/kawsayperutravel.com\/es\/wp-json\/wp\/v2\/types\/page"}],"author":[{"embeddable":true,"href":"https:\/\/kawsayperutravel.com\/es\/wp-json\/wp\/v2\/users\/1"}],"replies":[{"embeddable":true,"href":"https:\/\/kawsayperutravel.com\/es\/wp-json\/wp\/v2\/comments?post=15"}],"version-history":[{"count":2,"href":"https:\/\/kawsayperutravel.com\/es\/wp-json\/wp\/v2\/pages\/15\/revisions"}],"predecessor-version":[{"id":21,"href":"https:\/\/kawsayperutravel.com\/es\/wp-json\/wp\/v2\/pages\/15\/revisions\/21"}],"wp:attachment":[{"href":"https:\/\/kawsayperutravel.com\/es\/wp-json\/wp\/v2\/media?parent=15"}],"curies":[{"name":"wp","href":"https:\/\/api.w.org\/{rel}","templated":true}]}}